{"id":8632,"date":"2023-11-07T11:07:40","date_gmt":"2023-11-07T11:07:40","guid":{"rendered":"https:\/\/construct-pool-tenerife.com\/schwimmbaeder\/"},"modified":"2024-02-08T16:08:17","modified_gmt":"2024-02-08T16:08:17","slug":"schwimmbaeder","status":"publish","type":"page","link":"https:\/\/construct-pool-tenerife.com\/de\/schwimmbaeder\/","title":{"rendered":"Pools"},"content":{"rendered":"<p>[et_pb_section fb_built=&#8220;1&#8243; admin_label=&#8220;Header&#8220; _builder_version=&#8220;4.23.1&#8243; use_background_color_gradient=&#8220;on&#8220; background_color_gradient_stops=&#8220;#183a5c 0%|rgba(31,31,38,0.24) 100%&#8220; background_color_gradient_overlays_image=&#8220;on&#8220; background_color_gradient_start=&#8220;rgba(31,31,38,0.88)&#8220; background_color_gradient_end=&#8220;rgba(31,31,38,0.24)&#8220; background_enable_image=&#8220;off&#8220; custom_padding=&#8220;6vw||0px||false|false&#8220; global_colors_info=&#8220;{}&#8220;][et_pb_row custom_padding_last_edited=&#8220;on|desktop&#8220; _builder_version=&#8220;4.23.1&#8243; use_background_color_gradient=&#8220;on&#8220; background_color_gradient_stops=&#8220;rgba(96,83,72,0.24) 0%|rgba(96,83,72,0.72) 100%&#8220; background_color_gradient_overlays_image=&#8220;on&#8220; background_color_gradient_start=&#8220;rgba(96,83,72,0.24)&#8220; background_color_gradient_end=&#8220;rgba(96,83,72,0.72)&#8220; background_image=&#8220;https:\/\/construct-pool-tenerife.com\/wp-content\/uploads\/2023\/10\/Pool-Adeje-01.jpg&#8220; width=&#8220;90%&#8220; max_width=&#8220;none&#8220; module_alignment=&#8220;left&#8220; custom_margin_tablet=&#8220;|auto||0px|false|false&#8220; custom_margin_last_edited=&#8220;off|desktop&#8220; custom_padding=&#8220;10vw|20px|14vw|20px|false|true&#8220; custom_padding_tablet=&#8220;16vw||16vw||true|false&#8220; custom_padding_phone=&#8220;||||false|false&#8220; border_color_all=&#8220;#1f1f26&#8243; border_width_right=&#8220;8vw&#8220; locked=&#8220;off&#8220; global_colors_info=&#8220;{}&#8220;][et_pb_column type=&#8220;4_4&#8243; _builder_version=&#8220;4.16&#8243; global_colors_info=&#8220;{}&#8220;][et_pb_text _builder_version=&#8220;4.23.1&#8243; header_font=&#8220;||||||||&#8220; header_text_align=&#8220;center&#8220; header_font_size=&#8220;120px&#8220; header_line_height=&#8220;1.2em&#8220; background_layout=&#8220;dark&#8220; animation_style=&#8220;flip&#8220; animation_direction=&#8220;left&#8220; animation_duration=&#8220;2000ms&#8220; header_font_size_tablet=&#8220;60px&#8220; header_font_size_phone=&#8220;35px&#8220; header_font_size_last_edited=&#8220;on|phone&#8220; global_colors_info=&#8220;{}&#8220;]<\/p>\n<h1>Pools<\/h1>\n<p>[\/et_pb_text][\/et_pb_column][\/et_pb_row][et_pb_row column_structure=&#8220;1_2,1_2&#8243; make_equal=&#8220;on&#8220; _builder_version=&#8220;4.23.1&#8243; positioning=&#8220;absolute&#8220; position_origin_a=&#8220;bottom_left&#8220; position_origin_a_tablet=&#8220;&#8220; position_origin_a_phone=&#8220;&#8220; position_origin_a_last_edited=&#8220;on|desktop&#8220; position_origin_f_tablet=&#8220;&#8220; position_origin_f_phone=&#8220;&#8220; position_origin_f_last_edited=&#8220;on|desktop&#8220; position_origin_r_tablet=&#8220;&#8220; position_origin_r_phone=&#8220;&#8220; position_origin_r_last_edited=&#8220;on|desktop&#8220; width=&#8220;90%&#8220; max_width=&#8220;none&#8220; custom_margin=&#8220;|auto||0px|false|false&#8220; custom_padding=&#8220;0px||0px|10vw|true|false&#8220; positioning_tablet=&#8220;none&#8220; positioning_phone=&#8220;&#8220; positioning_last_edited=&#8220;on|tablet&#8220; box_shadow_style=&#8220;preset4&#8243; box_shadow_horizontal=&#8220;30vw&#8220; box_shadow_vertical=&#8220;0px&#8220; box_shadow_color=&#8220;#ffffff&#8220; locked=&#8220;off&#8220; global_colors_info=&#8220;{}&#8220;][et_pb_column type=&#8220;1_2&#8243; _builder_version=&#8220;4.16&#8243; custom_padding=&#8220;||||false|false&#8220; global_colors_info=&#8220;{}&#8220;][\/et_pb_column][et_pb_column type=&#8220;1_2&#8243; _builder_version=&#8220;4.23.1&#8243; background_color=&#8220;rgba(12,113,195,0.34)&#8220; custom_padding=&#8220;60px|4%|60px|4%|true|true&#8220; global_colors_info=&#8220;{}&#8220;][et_pb_text _builder_version=&#8220;4.23.1&#8243; header_3_font=&#8220;||||||||&#8220; header_3_font_size=&#8220;30px&#8220; header_3_line_height=&#8220;1.3em&#8220; background_layout=&#8220;dark&#8220; custom_margin=&#8220;||4px||false|false&#8220; animation_style=&#8220;fade&#8220; animation_duration=&#8220;2000ms&#8220; animation_delay=&#8220;1000ms&#8220; header_3_font_size_tablet=&#8220;22px&#8220; header_3_font_size_phone=&#8220;20px&#8220; header_3_font_size_last_edited=&#8220;on|phone&#8220; locked=&#8220;off&#8220; global_colors_info=&#8220;{}&#8220;]<\/p>\n<h3>Bau und Sanierung<\/h3>\n<p>Wir bauen hochwertige Beton- und Spritzbetonpools, die im Laufe der Jahre Bestand haben und unseren Kunden dauerhafte und wundersch\u00f6ne Wasserbereiche bieten.<\/p>\n<p>[\/et_pb_text][\/et_pb_column][\/et_pb_row][\/et_pb_section][et_pb_section fb_built=&#8220;1&#8243; admin_label=&#8220;Services&#8220; _builder_version=&#8220;4.23.1&#8243; global_colors_info=&#8220;{}&#8220; title_text_tablet=&#8220;upholsterer-41&#8243;][et_pb_row column_structure=&#8220;1_2,1_2&#8243; _builder_version=&#8220;4.23.1&#8243; custom_margin=&#8220;6%||6%||true|false&#8220; custom_padding=&#8220;||||false|false&#8220; global_colors_info=&#8220;{}&#8220;][et_pb_column type=&#8220;1_2&#8243; _builder_version=&#8220;4.23.1&#8243; border_width_all=&#8220;2px&#8220; border_color_all=&#8220;#183a5c&#8220; global_colors_info=&#8220;{}&#8220;][et_pb_blurb title=&#8220;Poolbau&#8220; image=&#8220;https:\/\/construct-pool-tenerife.com\/wp-content\/uploads\/2023\/11\/obras-piscina-01.jpg&#8220; content_max_width=&#8220;100%&#8220; _builder_version=&#8220;4.23.1&#8243; header_level=&#8220;h3&#8243; header_font=&#8220;||||||||&#8220; header_font_size=&#8220;35px&#8220; header_line_height=&#8220;1.2em&#8220; transform_translate=&#8220;-10%|-10%&#8220; text_orientation=&#8220;right&#8220; animation_style=&#8220;slide&#8220; animation_direction=&#8220;bottom&#8220; animation_duration=&#8220;700ms&#8220; animation_intensity_slide=&#8220;2%&#8220; animation=&#8220;off&#8220; header_font_size_tablet=&#8220;28px&#8220; header_font_size_phone=&#8220;22px&#8220; header_font_size_last_edited=&#8220;on|phone&#8220; locked=&#8220;off&#8220; global_colors_info=&#8220;{}&#8220;][\/et_pb_blurb][\/et_pb_column][et_pb_column type=&#8220;1_2&#8243; _builder_version=&#8220;4.16&#8243; custom_padding=&#8220;||80px||false|false&#8220; global_colors_info=&#8220;{}&#8220;][et_pb_text _builder_version=&#8220;4.23.1&#8243; header_2_font=&#8220;||||||||&#8220; header_2_line_height=&#8220;1.8em&#8220; header_4_font=&#8220;|700||on|||||&#8220; header_4_text_color=&#8220;#183a5c&#8220; header_4_font_size=&#8220;12px&#8220; header_4_letter_spacing=&#8220;2.6px&#8220; header_4_line_height=&#8220;1.6em&#8220; animation_style=&#8220;fade&#8220; animation_duration=&#8220;2000ms&#8220; animation_delay=&#8220;1000ms&#8220; header_2_font_size_tablet=&#8220;22px&#8220; header_2_font_size_phone=&#8220;20px&#8220; header_2_font_size_last_edited=&#8220;on|phone&#8220; header_4_font_size_tablet=&#8220;&#8220; header_4_font_size_phone=&#8220;&#8220; header_4_font_size_last_edited=&#8220;on|phone&#8220; locked=&#8220;off&#8220; global_colors_info=&#8220;{}&#8220;]<\/p>\n<h4>Poolbau<\/h4>\n<h2>Unsere Poolbauprojekte, ob in Arbeit oder abgeschlossen, sind wahre Kunstwerke, die unsere Leidenschaft und unser Talent f\u00fcr die Schaffung au\u00dfergew\u00f6hnlicher Wasserbereiche widerspiegeln.<\/h2>\n<p>[\/et_pb_text][et_pb_text _builder_version=&#8220;4.23.1&#8243; text_line_height=&#8220;2em&#8220; max_width=&#8220;350px&#8220; animation_style=&#8220;fade&#8220; animation_duration=&#8220;2000ms&#8220; animation_delay=&#8220;1500ms&#8220; locked=&#8220;off&#8220; global_colors_info=&#8220;{}&#8220;]<\/p>\n<p>Jedes Projekt wird sorgf\u00e4ltig von unserem Expertenteam geplant und ausgef\u00fchrt, das sich darauf konzentriert, sicherzustellen, dass jedes Detail den h\u00f6chsten Qualit\u00e4tsstandards entspricht. Von der Planung bis zur Fertigstellung bem\u00fchen wir uns, die Erwartungen unserer Kunden zu \u00fcbertreffen und Pools zu schaffen, die als perfektes Refugium zum Entspannen und Genie\u00dfen dienen.<\/p>\n<p>[\/et_pb_text][et_pb_button button_url=&#8220;https:\/\/construct-pool-tenerife.com\/de\/poolbau\/&#8220; button_text=&#8220;Mehr Informationen&#8220; _builder_version=&#8220;4.23.1&#8243; custom_button=&#8220;on&#8220; button_text_size=&#8220;12px&#8220; button_text_color=&#8220;#183a5c&#8220; button_bg_color=&#8220;rgba(0,0,0,0)&#8220; button_border_width=&#8220;2px&#8220; button_border_color=&#8220;#183a5c&#8220; button_border_radius=&#8220;0px&#8220; button_letter_spacing=&#8220;2px&#8220; button_font=&#8220;|700||on|||||&#8220; background_layout=&#8220;dark&#8220; custom_padding=&#8220;20px|40px|20px|40px|true|true&#8220; animation_style=&#8220;slide&#8220; animation_direction=&#8220;right&#8220; animation_duration=&#8220;2000ms&#8220; animation_delay=&#8220;2500ms&#8220; button_bg_color_last_edited=&#8220;off|desktop&#8220; locked=&#8220;off&#8220; global_colors_info=&#8220;{}&#8220; button_bg_color__hover_enabled=&#8220;on|hover&#8220; button_bg_color__hover=&#8220;#183a5c&#8220; button_bg_enable_color__hover=&#8220;on&#8220; button_text_color__hover_enabled=&#8220;on|hover&#8220; button_text_color__hover=&#8220;#FFFFFF&#8220;][\/et_pb_button][\/et_pb_column][\/et_pb_row][et_pb_row column_structure=&#8220;1_2,1_2&#8243; _builder_version=&#8220;4.23.1&#8243; custom_margin=&#8220;6%||6%||true|false&#8220; custom_padding=&#8220;||||false|false&#8220; global_colors_info=&#8220;{}&#8220;][et_pb_column type=&#8220;1_2&#8243; _builder_version=&#8220;4.16&#8243; custom_padding=&#8220;||80px||false|false&#8220; global_colors_info=&#8220;{}&#8220;][et_pb_text _builder_version=&#8220;4.23.1&#8243; header_2_font=&#8220;||||||||&#8220; header_2_line_height=&#8220;1.8em&#8220; header_4_font=&#8220;|700||on|||||&#8220; header_4_text_color=&#8220;#183a5c&#8220; header_4_font_size=&#8220;12px&#8220; header_4_letter_spacing=&#8220;2.6px&#8220; header_4_line_height=&#8220;1.6em&#8220; animation_style=&#8220;fade&#8220; animation_duration=&#8220;2000ms&#8220; animation_delay=&#8220;1000ms&#8220; header_2_font_size_tablet=&#8220;22px&#8220; header_2_font_size_phone=&#8220;20px&#8220; header_2_font_size_last_edited=&#8220;on|phone&#8220; header_4_font_size_tablet=&#8220;&#8220; header_4_font_size_phone=&#8220;&#8220; header_4_font_size_last_edited=&#8220;on|phone&#8220; locked=&#8220;off&#8220; global_colors_info=&#8220;{}&#8220;]<\/p>\n<h4>Poolservice<\/h4>\n<h2>In unseren professionellen Pool-Services konzentrieren wir uns darauf, umfassende L\u00f6sungen anzubieten, die die ordnungsgem\u00e4\u00dfe Wartung und Pflege Ihres Pools gew\u00e4hrleisten.<\/h2>\n<p>[\/et_pb_text][et_pb_text _builder_version=&#8220;4.23.1&#8243; text_line_height=&#8220;2em&#8220; max_width=&#8220;350px&#8220; animation_style=&#8220;fade&#8220; animation_duration=&#8220;2000ms&#8220; animation_delay=&#8220;1500ms&#8220; locked=&#8220;off&#8220; global_colors_info=&#8220;{}&#8220;]<\/p>\n<p>Gr\u00fcndliche Reinigungen, pH-Anpassungen, chemische Behandlungen und alle notwendigen Reparaturen, um Ihren Pool das ganze Jahr \u00fcber in einwandfreiem Zustand zu halten.<\/p>\n<p>[\/et_pb_text][et_pb_button button_url=&#8220;https:\/\/construct-pool-tenerife.com\/de\/poolservice\/&#8220; button_text=&#8220;Mehr Informationen&#8220; _builder_version=&#8220;4.23.1&#8243; custom_button=&#8220;on&#8220; button_text_size=&#8220;12px&#8220; button_text_color=&#8220;#183a5c&#8220; button_bg_color=&#8220;rgba(0,0,0,0)&#8220; button_border_width=&#8220;2px&#8220; button_border_color=&#8220;#183a5c&#8220; button_border_radius=&#8220;0px&#8220; button_letter_spacing=&#8220;2px&#8220; button_font=&#8220;|700||on|||||&#8220; background_layout=&#8220;dark&#8220; custom_padding=&#8220;20px|40px|20px|40px|true|true&#8220; animation_style=&#8220;slide&#8220; animation_direction=&#8220;left&#8220; animation_duration=&#8220;2000ms&#8220; animation_delay=&#8220;2500ms&#8220; hover_enabled=&#8220;0&#8243; button_bg_color_last_edited=&#8220;off|desktop&#8220; locked=&#8220;off&#8220; global_colors_info=&#8220;{}&#8220; button_bg_color__hover_enabled=&#8220;on|hover&#8220; button_bg_color__hover=&#8220;#183a5c&#8220; button_bg_enable_color__hover=&#8220;on&#8220; button_text_color__hover_enabled=&#8220;on|hover&#8220; button_text_color__hover=&#8220;#FFFFFF&#8220; sticky_enabled=&#8220;0&#8243;][\/et_pb_button][\/et_pb_column][et_pb_column type=&#8220;1_2&#8243; _builder_version=&#8220;4.23.1&#8243; background_color=&#8220;#183a5c&#8220; global_colors_info=&#8220;{}&#8220;][et_pb_blurb title=&#8220;Poolservice&#8220; image=&#8220;https:\/\/construct-pool-tenerife.com\/wp-content\/uploads\/2023\/12\/servicios-piscina-02.jpg&#8220; content_max_width=&#8220;100%&#8220; _builder_version=&#8220;4.23.1&#8243; header_level=&#8220;h3&#8243; header_font=&#8220;||||||||&#8220; header_font_size=&#8220;35px&#8220; header_line_height=&#8220;1.2em&#8220; transform_translate=&#8220;10%|-10%&#8220; transform_translate_linked=&#8220;off&#8220; background_layout=&#8220;dark&#8220; animation_style=&#8220;slide&#8220; animation_direction=&#8220;bottom&#8220; animation_duration=&#8220;700ms&#8220; animation_intensity_slide=&#8220;2%&#8220; animation=&#8220;off&#8220; header_font_size_tablet=&#8220;28px&#8220; header_font_size_phone=&#8220;22px&#8220; header_font_size_last_edited=&#8220;on|phone&#8220; locked=&#8220;off&#8220; global_colors_info=&#8220;{}&#8220;][\/et_pb_blurb][\/et_pb_column][\/et_pb_row][et_pb_row column_structure=&#8220;1_2,1_2&#8243; _builder_version=&#8220;4.23.1&#8243; custom_margin=&#8220;6%||6%||true|false&#8220; custom_padding=&#8220;||||false|false&#8220; global_colors_info=&#8220;{}&#8220;][et_pb_column type=&#8220;1_2&#8243; _builder_version=&#8220;4.23.1&#8243; border_width_all=&#8220;2px&#8220; border_color_all=&#8220;#183a5c&#8220; global_colors_info=&#8220;{}&#8220;][et_pb_blurb title=&#8220;Poolabdeckungen&#8220; image=&#8220;https:\/\/construct-pool-tenerife.com\/wp-content\/uploads\/2023\/12\/cubierta-piscina-02.jpg&#8220; content_max_width=&#8220;100%&#8220; _builder_version=&#8220;4.23.1&#8243; header_level=&#8220;h3&#8243; header_font=&#8220;||||||||&#8220; header_font_size=&#8220;35px&#8220; header_line_height=&#8220;1.2em&#8220; transform_translate=&#8220;-10%|-10%&#8220; text_orientation=&#8220;right&#8220; animation_style=&#8220;slide&#8220; animation_direction=&#8220;bottom&#8220; animation_duration=&#8220;700ms&#8220; animation_intensity_slide=&#8220;2%&#8220; animation=&#8220;off&#8220; header_font_size_tablet=&#8220;28px&#8220; header_font_size_phone=&#8220;22px&#8220; header_font_size_last_edited=&#8220;on|phone&#8220; locked=&#8220;off&#8220; global_colors_info=&#8220;{}&#8220;][\/et_pb_blurb][\/et_pb_column][et_pb_column type=&#8220;1_2&#8243; _builder_version=&#8220;4.16&#8243; custom_padding=&#8220;||80px||false|false&#8220; global_colors_info=&#8220;{}&#8220;][et_pb_text _builder_version=&#8220;4.23.1&#8243; header_2_font=&#8220;||||||||&#8220; header_2_line_height=&#8220;1.8em&#8220; header_4_font=&#8220;|700||on|||||&#8220; header_4_text_color=&#8220;#183a5c&#8220; header_4_font_size=&#8220;12px&#8220; header_4_letter_spacing=&#8220;2.6px&#8220; header_4_line_height=&#8220;1.6em&#8220; animation_style=&#8220;fade&#8220; animation_duration=&#8220;2000ms&#8220; animation_delay=&#8220;1000ms&#8220; header_2_font_size_tablet=&#8220;22px&#8220; header_2_font_size_phone=&#8220;20px&#8220; header_2_font_size_last_edited=&#8220;on|phone&#8220; header_4_font_size_tablet=&#8220;&#8220; header_4_font_size_phone=&#8220;&#8220; header_4_font_size_last_edited=&#8220;on|phone&#8220; locked=&#8220;off&#8220; global_colors_info=&#8220;{}&#8220;]<\/p>\n<h4>Poolabdeckungen<\/h4>\n<h2>Entdecken Sie unsere breite Palette an Optionen, wenn es um Poolabdeckungen geht.<\/h2>\n<p>[\/et_pb_text][et_pb_text _builder_version=&#8220;4.23.1&#8243; text_line_height=&#8220;2em&#8220; max_width=&#8220;350px&#8220; animation_style=&#8220;fade&#8220; animation_duration=&#8220;2000ms&#8220; animation_delay=&#8220;1500ms&#8220; locked=&#8220;off&#8220; global_colors_info=&#8220;{}&#8220;]<\/p>\n<p>Sie werden alle Arten von Abdeckungen finden, die Ihren Bed\u00fcrfnissen und Ihrem Stil entsprechen. Von versenkbaren Abdeckungen, die es Ihnen erm\u00f6glichen, Ihren Pool an sonnigen Tagen im Freien zu genie\u00dfen, bis hin zu Schiebeabdeckungen, die Ihren Pool vor Witterungseinfl\u00fcssen sch\u00fctzen, haben wir alle Optionen, die Sie ben\u00f6tigen.<\/p>\n<p>[\/et_pb_text][et_pb_button button_url=&#8220;https:\/\/construct-pool-tenerife.com\/de\/poolabdeckungen\/&#8220; button_text=&#8220;Mehr Informationen&#8220; _builder_version=&#8220;4.23.1&#8243; custom_button=&#8220;on&#8220; button_text_size=&#8220;12px&#8220; button_text_color=&#8220;#183a5c&#8220; button_bg_color=&#8220;rgba(0,0,0,0)&#8220; button_border_width=&#8220;2px&#8220; button_border_color=&#8220;#183a5c&#8220; button_border_radius=&#8220;0px&#8220; button_letter_spacing=&#8220;2px&#8220; button_font=&#8220;|700||on|||||&#8220; background_layout=&#8220;dark&#8220; custom_padding=&#8220;20px|40px|20px|40px|true|true&#8220; animation_style=&#8220;slide&#8220; animation_direction=&#8220;right&#8220; animation_duration=&#8220;2000ms&#8220; animation_delay=&#8220;2500ms&#8220; hover_enabled=&#8220;0&#8243; button_bg_color_last_edited=&#8220;off|desktop&#8220; locked=&#8220;off&#8220; global_colors_info=&#8220;{}&#8220; button_bg_color__hover_enabled=&#8220;on|hover&#8220; button_bg_color__hover=&#8220;#183a5c&#8220; button_bg_enable_color__hover=&#8220;on&#8220; button_text_color__hover_enabled=&#8220;on|hover&#8220; button_text_color__hover=&#8220;#ffffff&#8220; sticky_enabled=&#8220;0&#8243;][\/et_pb_button][\/et_pb_column][\/et_pb_row][\/et_pb_section]<\/p>\n","protected":false},"excerpt":{"rendered":"<p>PoolsBau und Sanierung Wir bauen hochwertige Beton- und Spritzbetonpools, die im Laufe der Jahre Bestand haben und unseren Kunden dauerhafte und wundersch\u00f6ne Wasserbereiche bieten.Poolbau Unsere Poolbauprojekte, ob in Arbeit oder abgeschlossen, sind wahre Kunstwerke, die unsere Leidenschaft und unser Talent f\u00fcr die Schaffung au\u00dfergew\u00f6hnlicher Wasserbereiche widerspiegeln.Jedes Projekt wird sorgf\u00e4ltig von unserem Expertenteam geplant und ausgef\u00fchrt, [&hellip;]<\/p>\n","protected":false},"author":2,"featured_media":0,"parent":0,"menu_order":0,"comment_status":"closed","ping_status":"closed","template":"","meta":{"_et_pb_use_builder":"on","_et_pb_old_content":"","_et_gb_content_width":"","footnotes":""},"class_list":["post-8632","page","type-page","status-publish","hentry"],"yoast_head":"<!-- This site is optimized with the Yoast SEO plugin v27.5 - https:\/\/yoast.com\/product\/yoast-seo-wordpress\/ -->\n<title>Wir bauen hochwertige Pools aus Beton<\/title>\n<meta name=\"description\" content=\"Wir bauen hochwertige Betonpools und Spritzbetonpools, die \u00fcber Jahre hinweg best\u00e4ndig sind\" \/>\n<meta name=\"robots\" content=\"index, follow, max-snippet:-1, max-image-preview:large, max-video-preview:-1\" \/>\n<link rel=\"canonical\" href=\"https:\/\/construct-pool-tenerife.com\/de\/schwimmbaeder\/\" \/>\n<meta property=\"og:locale\" content=\"de_DE\" \/>\n<meta property=\"og:type\" content=\"article\" \/>\n<meta property=\"og:title\" content=\"Wir bauen hochwertige Pools aus Beton\" \/>\n<meta property=\"og:description\" content=\"Wir bauen hochwertige Betonpools und Spritzbetonpools, die \u00fcber Jahre hinweg best\u00e4ndig sind\" \/>\n<meta property=\"og:url\" content=\"https:\/\/construct-pool-tenerife.com\/de\/schwimmbaeder\/\" \/>\n<meta property=\"og:site_name\" content=\"Construct pool Tenerife\" \/>\n<meta property=\"article:modified_time\" content=\"2024-02-08T16:08:17+00:00\" \/>\n<meta name=\"twitter:card\" content=\"summary_large_image\" \/>\n<meta name=\"twitter:label1\" content=\"Gesch\u00e4tzte Lesezeit\" \/>\n\t<meta name=\"twitter:data1\" content=\"9\u00a0Minuten\" \/>\n<script type=\"application\/ld+json\" class=\"yoast-schema-graph\">{\"@context\":\"https:\\\/\\\/schema.org\",\"@graph\":[{\"@type\":\"WebPage\",\"@id\":\"https:\\\/\\\/construct-pool-tenerife.com\\\/de\\\/schwimmbaeder\\\/\",\"url\":\"https:\\\/\\\/construct-pool-tenerife.com\\\/de\\\/schwimmbaeder\\\/\",\"name\":\"Wir bauen hochwertige Pools aus Beton\",\"isPartOf\":{\"@id\":\"https:\\\/\\\/construct-pool-tenerife.com\\\/de\\\/#website\"},\"datePublished\":\"2023-11-07T11:07:40+00:00\",\"dateModified\":\"2024-02-08T16:08:17+00:00\",\"description\":\"Wir bauen hochwertige Betonpools und Spritzbetonpools, die \u00fcber Jahre hinweg best\u00e4ndig sind\",\"breadcrumb\":{\"@id\":\"https:\\\/\\\/construct-pool-tenerife.com\\\/de\\\/schwimmbaeder\\\/#breadcrumb\"},\"inLanguage\":\"de\",\"potentialAction\":[{\"@type\":\"ReadAction\",\"target\":[\"https:\\\/\\\/construct-pool-tenerife.com\\\/de\\\/schwimmbaeder\\\/\"]}]},{\"@type\":\"BreadcrumbList\",\"@id\":\"https:\\\/\\\/construct-pool-tenerife.com\\\/de\\\/schwimmbaeder\\\/#breadcrumb\",\"itemListElement\":[{\"@type\":\"ListItem\",\"position\":1,\"name\":\"Home\",\"item\":\"https:\\\/\\\/construct-pool-tenerife.com\\\/de\\\/\"},{\"@type\":\"ListItem\",\"position\":2,\"name\":\"Pools\"}]},{\"@type\":\"WebSite\",\"@id\":\"https:\\\/\\\/construct-pool-tenerife.com\\\/de\\\/#website\",\"url\":\"https:\\\/\\\/construct-pool-tenerife.com\\\/de\\\/\",\"name\":\"Construct pool Tenerife\",\"description\":\"Reformas general\",\"potentialAction\":[{\"@type\":\"SearchAction\",\"target\":{\"@type\":\"EntryPoint\",\"urlTemplate\":\"https:\\\/\\\/construct-pool-tenerife.com\\\/de\\\/?s={search_term_string}\"},\"query-input\":{\"@type\":\"PropertyValueSpecification\",\"valueRequired\":true,\"valueName\":\"search_term_string\"}}],\"inLanguage\":\"de\"}]}<\/script>\n<!-- \/ Yoast SEO plugin. -->","yoast_head_json":{"title":"Wir bauen hochwertige Pools aus Beton","description":"Wir bauen hochwertige Betonpools und Spritzbetonpools, die \u00fcber Jahre hinweg best\u00e4ndig sind","robots":{"index":"index","follow":"follow","max-snippet":"max-snippet:-1","max-image-preview":"max-image-preview:large","max-video-preview":"max-video-preview:-1"},"canonical":"https:\/\/construct-pool-tenerife.com\/de\/schwimmbaeder\/","og_locale":"de_DE","og_type":"article","og_title":"Wir bauen hochwertige Pools aus Beton","og_description":"Wir bauen hochwertige Betonpools und Spritzbetonpools, die \u00fcber Jahre hinweg best\u00e4ndig sind","og_url":"https:\/\/construct-pool-tenerife.com\/de\/schwimmbaeder\/","og_site_name":"Construct pool Tenerife","article_modified_time":"2024-02-08T16:08:17+00:00","twitter_card":"summary_large_image","twitter_misc":{"Gesch\u00e4tzte Lesezeit":"9\u00a0Minuten"},"schema":{"@context":"https:\/\/schema.org","@graph":[{"@type":"WebPage","@id":"https:\/\/construct-pool-tenerife.com\/de\/schwimmbaeder\/","url":"https:\/\/construct-pool-tenerife.com\/de\/schwimmbaeder\/","name":"Wir bauen hochwertige Pools aus Beton","isPartOf":{"@id":"https:\/\/construct-pool-tenerife.com\/de\/#website"},"datePublished":"2023-11-07T11:07:40+00:00","dateModified":"2024-02-08T16:08:17+00:00","description":"Wir bauen hochwertige Betonpools und Spritzbetonpools, die \u00fcber Jahre hinweg best\u00e4ndig sind","breadcrumb":{"@id":"https:\/\/construct-pool-tenerife.com\/de\/schwimmbaeder\/#breadcrumb"},"inLanguage":"de","potentialAction":[{"@type":"ReadAction","target":["https:\/\/construct-pool-tenerife.com\/de\/schwimmbaeder\/"]}]},{"@type":"BreadcrumbList","@id":"https:\/\/construct-pool-tenerife.com\/de\/schwimmbaeder\/#breadcrumb","itemListElement":[{"@type":"ListItem","position":1,"name":"Home","item":"https:\/\/construct-pool-tenerife.com\/de\/"},{"@type":"ListItem","position":2,"name":"Pools"}]},{"@type":"WebSite","@id":"https:\/\/construct-pool-tenerife.com\/de\/#website","url":"https:\/\/construct-pool-tenerife.com\/de\/","name":"Construct pool Tenerife","description":"Reformas general","potentialAction":[{"@type":"SearchAction","target":{"@type":"EntryPoint","urlTemplate":"https:\/\/construct-pool-tenerife.com\/de\/?s={search_term_string}"},"query-input":{"@type":"PropertyValueSpecification","valueRequired":true,"valueName":"search_term_string"}}],"inLanguage":"de"}]}},"_links":{"self":[{"href":"https:\/\/construct-pool-tenerife.com\/de\/wp-json\/wp\/v2\/pages\/8632","targetHints":{"allow":["GET"]}}],"collection":[{"href":"https:\/\/construct-pool-tenerife.com\/de\/wp-json\/wp\/v2\/pages"}],"about":[{"href":"https:\/\/construct-pool-tenerife.com\/de\/wp-json\/wp\/v2\/types\/page"}],"author":[{"embeddable":true,"href":"https:\/\/construct-pool-tenerife.com\/de\/wp-json\/wp\/v2\/users\/2"}],"replies":[{"embeddable":true,"href":"https:\/\/construct-pool-tenerife.com\/de\/wp-json\/wp\/v2\/comments?post=8632"}],"version-history":[{"count":16,"href":"https:\/\/construct-pool-tenerife.com\/de\/wp-json\/wp\/v2\/pages\/8632\/revisions"}],"predecessor-version":[{"id":8757,"href":"https:\/\/construct-pool-tenerife.com\/de\/wp-json\/wp\/v2\/pages\/8632\/revisions\/8757"}],"wp:attachment":[{"href":"https:\/\/construct-pool-tenerife.com\/de\/wp-json\/wp\/v2\/media?parent=8632"}],"curies":[{"name":"wp","href":"https:\/\/api.w.org\/{rel}","templated":true}]}}