{"id":8593,"date":"2023-11-01T09:19:02","date_gmt":"2023-11-01T09:19:02","guid":{"rendered":"https:\/\/construct-pool-tenerife.com\/poolabdeckungen\/"},"modified":"2024-01-06T12:46:11","modified_gmt":"2024-01-06T12:46:11","slug":"poolabdeckungen","status":"publish","type":"page","link":"https:\/\/construct-pool-tenerife.com\/de\/poolabdeckungen\/","title":{"rendered":"Poolabdeckungen"},"content":{"rendered":"<p>[et_pb_section fb_built=&#8220;1&#8243; admin_label=&#8220;Header&#8220; _builder_version=&#8220;4.23.1&#8243; use_background_color_gradient=&#8220;on&#8220; background_color_gradient_stops=&#8220;#183a5c 0%|rgba(31,31,38,0.24) 100%&#8220; background_color_gradient_overlays_image=&#8220;on&#8220; background_color_gradient_start=&#8220;rgba(31,31,38,0.88)&#8220; background_color_gradient_end=&#8220;rgba(31,31,38,0.24)&#8220; background_enable_image=&#8220;off&#8220; custom_padding=&#8220;6vw||0px||false|false&#8220; global_colors_info=&#8220;{}&#8220;][et_pb_row custom_padding_last_edited=&#8220;on|desktop&#8220; _builder_version=&#8220;4.23.1&#8243; use_background_color_gradient=&#8220;on&#8220; background_color_gradient_stops=&#8220;rgba(67,78,92,0.32) 0%|rgba(31,31,38,0.71) 100%&#8220; background_color_gradient_overlays_image=&#8220;on&#8220; background_color_gradient_start=&#8220;rgba(67,78,92,0.32)&#8220; background_color_gradient_end=&#8220;rgba(31,31,38,0.71)&#8220; background_image=&#8220;https:\/\/construct-pool-tenerife.com\/wp-content\/uploads\/2023\/12\/cubierta-piscina-01.jpg&#8220; width=&#8220;90%&#8220; max_width=&#8220;none&#8220; module_alignment=&#8220;left&#8220; custom_margin_tablet=&#8220;|auto||0px|false|false&#8220; custom_margin_last_edited=&#8220;off|desktop&#8220; custom_padding=&#8220;10vw|20px|18vw|20px|false|true&#8220; custom_padding_tablet=&#8220;16vw||16vw||true|false&#8220; custom_padding_phone=&#8220;||||false|false&#8220; border_color_all=&#8220;#1f1f26&#8243; border_width_right=&#8220;8vw&#8220; locked=&#8220;off&#8220; global_colors_info=&#8220;{}&#8220;][et_pb_column type=&#8220;4_4&#8243; _builder_version=&#8220;4.16&#8243; global_colors_info=&#8220;{}&#8220;][et_pb_text _builder_version=&#8220;4.23.1&#8243; header_font=&#8220;||||||||&#8220; header_text_align=&#8220;center&#8220; header_font_size=&#8220;120px&#8220; header_line_height=&#8220;1.2em&#8220; background_layout=&#8220;dark&#8220; animation_style=&#8220;flip&#8220; animation_direction=&#8220;left&#8220; animation_duration=&#8220;2000ms&#8220; hover_enabled=&#8220;0&#8243; header_font_size_tablet=&#8220;60px&#8220; header_font_size_phone=&#8220;35px&#8220; header_font_size_last_edited=&#8220;on|phone&#8220; global_colors_info=&#8220;{}&#8220; sticky_enabled=&#8220;0&#8243;]<\/p>\n<h1>Poolabdeckungen<\/h1>\n<p>[\/et_pb_text][\/et_pb_column][\/et_pb_row][et_pb_row column_structure=&#8220;1_2,1_2&#8243; make_equal=&#8220;on&#8220; _builder_version=&#8220;4.23.1&#8243; positioning=&#8220;absolute&#8220; position_origin_a=&#8220;bottom_left&#8220; position_origin_a_tablet=&#8220;&#8220; position_origin_a_phone=&#8220;&#8220; position_origin_a_last_edited=&#8220;on|desktop&#8220; position_origin_f_tablet=&#8220;&#8220; position_origin_f_phone=&#8220;&#8220; position_origin_f_last_edited=&#8220;on|desktop&#8220; position_origin_r_tablet=&#8220;&#8220; position_origin_r_phone=&#8220;&#8220; position_origin_r_last_edited=&#8220;on|desktop&#8220; width=&#8220;90%&#8220; max_width=&#8220;none&#8220; custom_margin=&#8220;|auto||0px|false|false&#8220; custom_padding=&#8220;0px||0px|10vw|true|false&#8220; positioning_tablet=&#8220;none&#8220; positioning_phone=&#8220;&#8220; positioning_last_edited=&#8220;on|tablet&#8220; box_shadow_style=&#8220;preset4&#8243; box_shadow_horizontal=&#8220;30vw&#8220; box_shadow_vertical=&#8220;0px&#8220; box_shadow_color=&#8220;#ffffff&#8220; locked=&#8220;off&#8220; global_colors_info=&#8220;{}&#8220;][et_pb_column type=&#8220;1_2&#8243; _builder_version=&#8220;4.16&#8243; custom_padding=&#8220;||||false|false&#8220; global_colors_info=&#8220;{}&#8220;][\/et_pb_column][et_pb_column type=&#8220;1_2&#8243; _builder_version=&#8220;4.23.1&#8243; background_color=&#8220;rgba(12,113,195,0.34)&#8220; custom_padding=&#8220;60px|4%|60px|4%|true|true&#8220; global_colors_info=&#8220;{}&#8220;][et_pb_text _builder_version=&#8220;4.23.1&#8243; header_3_font=&#8220;||||||||&#8220; header_3_font_size=&#8220;30px&#8220; header_3_line_height=&#8220;1.3em&#8220; background_layout=&#8220;dark&#8220; custom_margin=&#8220;||4px||false|false&#8220; animation_style=&#8220;fade&#8220; animation_duration=&#8220;2000ms&#8220; animation_delay=&#8220;1000ms&#8220; header_3_font_size_tablet=&#8220;22px&#8220; header_3_font_size_phone=&#8220;20px&#8220; header_3_font_size_last_edited=&#8220;on|phone&#8220; locked=&#8220;off&#8220; global_colors_info=&#8220;{}&#8220;]<\/p>\n<h3>Genie\u00dfen Sie Ihren Pool das ganze Jahr \u00fcber<\/h3>\n<p>Entdecken Sie die zahlreichen Vorteile von Abdeckungen f\u00fcr private Pools. Warten Sie nicht l\u00e4nger, um von diesen einzigartigen Vorteilen zu profitieren![\/et_pb_text][\/et_pb_column][\/et_pb_row][\/et_pb_section][et_pb_section fb_built=&#8220;1&#8243; admin_label=&#8220;About&#8220; _builder_version=&#8220;4.23.1&#8243; custom_margin=&#8220;100px||||false|false&#8220; bottom_divider_color=&#8220;#183a5c&#8220; bottom_divider_height=&#8220;59px&#8220; bottom_divider_repeat=&#8220;1x&#8220; bottom_divider_flip=&#8220;vertical&#8220; global_colors_info=&#8220;{}&#8220;][et_pb_row column_structure=&#8220;1_2,1_2&#8243; _builder_version=&#8220;4.23.1&#8243; custom_margin=&#8220;0%|auto|0%|auto|true|false&#8220; custom_padding=&#8220;||||false|false&#8220; global_colors_info=&#8220;{}&#8220;][et_pb_column type=&#8220;1_2&#8243; _builder_version=&#8220;4.23.1&#8243; border_width_all=&#8220;2px&#8220; border_color_all=&#8220;#183a5c&#8220; global_colors_info=&#8220;{}&#8220;][et_pb_blurb title=&#8220;Poolabdeckungen &#8220; image=&#8220;https:\/\/construct-pool-tenerife.com\/wp-content\/uploads\/2023\/12\/cubierta-piscina-02.jpg&#8220; content_max_width=&#8220;100%&#8220; _builder_version=&#8220;4.23.1&#8243; header_level=&#8220;h3&#8243; header_font=&#8220;||||||||&#8220; header_font_size=&#8220;35px&#8220; header_line_height=&#8220;1.2em&#8220; transform_translate=&#8220;-10%|-10%&#8220; text_orientation=&#8220;right&#8220; animation_style=&#8220;slide&#8220; animation_direction=&#8220;bottom&#8220; animation_duration=&#8220;700ms&#8220; animation_intensity_slide=&#8220;2%&#8220; animation=&#8220;off&#8220; header_font_size_tablet=&#8220;28px&#8220; header_font_size_phone=&#8220;22px&#8220; header_font_size_last_edited=&#8220;on|phone&#8220; locked=&#8220;off&#8220; global_colors_info=&#8220;{}&#8220;][\/et_pb_blurb][\/et_pb_column][et_pb_column type=&#8220;1_2&#8243; _builder_version=&#8220;4.16&#8243; custom_padding=&#8220;||80px||false|false&#8220; global_colors_info=&#8220;{}&#8220;][et_pb_text _builder_version=&#8220;4.23.1&#8243; header_2_font=&#8220;||||||||&#8220; header_2_line_height=&#8220;1.8em&#8220; header_4_font=&#8220;|700||on|||||&#8220; header_4_text_color=&#8220;#bea88f&#8220; header_4_font_size=&#8220;12px&#8220; header_4_letter_spacing=&#8220;2.6px&#8220; header_4_line_height=&#8220;1.6em&#8220; animation_style=&#8220;fade&#8220; animation_duration=&#8220;2000ms&#8220; animation_delay=&#8220;500ms&#8220; header_2_font_size_tablet=&#8220;22px&#8220; header_2_font_size_phone=&#8220;20px&#8220; header_2_font_size_last_edited=&#8220;on|phone&#8220; locked=&#8220;off&#8220; global_colors_info=&#8220;{}&#8220;]<\/p>\n<h4>Poolabdeckungen<\/h4>\n<h2>Perfekter Schutz f\u00fcr Ihre Wasser-Oase.<\/h2>\n<p>[\/et_pb_text][et_pb_text _builder_version=&#8220;4.23.1&#8243; text_line_height=&#8220;2em&#8220; animation_style=&#8220;fade&#8220; animation_duration=&#8220;2000ms&#8220; animation_delay=&#8220;1000ms&#8220; locked=&#8220;off&#8220; global_colors_info=&#8220;{}&#8220;]<\/p>\n<p>Sparen Sie Geld, indem Sie das Wasser nicht so oft wechseln m\u00fcssen, und genie\u00dfen Sie eine sicherere Umgebung f\u00fcr Ihre Kinder, indem Sie m\u00f6gliche Ertrinkungsunf\u00e4lle vermeiden. Au\u00dferdem wird die Reinigung einfacher, und wir halten die Wassertemperatur konstant. Genie\u00dfen Sie Ihren Pool das ganze Jahr \u00fcber mit unseren Abdeckungen.<\/p>\n<p>[\/et_pb_text][et_pb_text _builder_version=&#8220;4.23.1&#8243; text_font_size=&#8220;13px&#8220; text_line_height=&#8220;1.8em&#8220; header_4_font=&#8220;|700|||||||&#8220; header_4_font_size=&#8220;14px&#8220; header_4_line_height=&#8220;2em&#8220; animation_style=&#8220;fade&#8220; animation_duration=&#8220;2000ms&#8220; animation_delay=&#8220;1500ms&#8220; locked=&#8220;off&#8220; global_colors_info=&#8220;{}&#8220;]<\/p>\n<h4>Von teleskopischen Abdeckungen, die es Ihnen erm\u00f6glichen, Ihren Pool das ganze Jahr \u00fcber zu genie\u00dfen, bis hin zu Solarabdeckungen, die die Wassertemperatur auf nat\u00fcrliche Weise halten. Unabh\u00e4ngig von der Gr\u00f6\u00dfe oder Form Ihres Pools haben wir die perfekte Abdeckung f\u00fcr Sie.<\/h4>\n<p>[\/et_pb_text][\/et_pb_column][\/et_pb_row][\/et_pb_section][et_pb_section fb_built=&#8220;1&#8243; admin_label=&#8220;Details&#8220; _builder_version=&#8220;4.23.1&#8243; custom_padding=&#8220;100px||||false|false&#8220; top_divider_color=&#8220;#183a5c&#8220; top_divider_height=&#8220;64px&#8220; top_divider_repeat=&#8220;1x&#8220; locked=&#8220;off&#8220; global_colors_info=&#8220;{}&#8220;][et_pb_row column_structure=&#8220;2_5,3_5&#8243; _builder_version=&#8220;4.16&#8243; global_colors_info=&#8220;{}&#8220;][et_pb_column type=&#8220;2_5&#8243; _builder_version=&#8220;4.16&#8243; global_colors_info=&#8220;{}&#8220;][et_pb_text _builder_version=&#8220;4.23.1&#8243; header_2_font=&#8220;Prata||||||||&#8220; header_2_line_height=&#8220;1.8em&#8220; header_4_font=&#8220;|700||on|||||&#8220; header_4_text_color=&#8220;#bea88f&#8220; header_4_font_size=&#8220;12px&#8220; header_4_letter_spacing=&#8220;2.6px&#8220; header_4_line_height=&#8220;1.6em&#8220; animation_style=&#8220;fade&#8220; animation_duration=&#8220;2000ms&#8220; animation_delay=&#8220;500ms&#8220; header_2_font_size_tablet=&#8220;22px&#8220; header_2_font_size_phone=&#8220;20px&#8220; header_2_font_size_last_edited=&#8220;on|phone&#8220; locked=&#8220;off&#8220; global_colors_info=&#8220;{}&#8220;]<\/p>\n<h4>Design und Anpassung<\/h4>\n<h2>Unsere Poolabdeckungen bieten nicht nur Funktionalit\u00e4t, sondern auch Stil. Mit einer Vielzahl von Designoptionen und verf\u00fcgbaren Farben k\u00f6nnen Sie Ihre Abdeckung an die Umgebung Ihres Pools und Gartens anpassen.<\/h2>\n<p>[\/et_pb_text][\/et_pb_column][et_pb_column type=&#8220;3_5&#8243; _builder_version=&#8220;4.16&#8243; global_colors_info=&#8220;{}&#8220;][dizo_image_hover image=&#8220;https:\/\/construct-pool-tenerife.com\/wp-content\/uploads\/2023\/12\/cubierta-piscina-05.jpg&#8220; image_height_settings=&#8220;on&#8220; image_height=&#8220;430px&#8220; swap=&#8220;on&#8220; swap_image=&#8220;https:\/\/construct-pool-tenerife.com\/wp-content\/uploads\/2023\/12\/cubierta-piscina-04.jpg&#8220; overlay_bgcolor=&#8220;rgba(0,0,0,0.3)&#8220; prefix_padding=&#8220;8px|8px|8px|8px|true|true&#8220; text_padding=&#8220;40px|15px|40px|15px|true|true&#8220; prefix_background_bgcolor=&#8220;#FFFFFF&#8220; module_link_url_new_window=&#8220;1&#8243; _builder_version=&#8220;4.23.1&#8243; _module_preset=&#8220;default&#8220; title_prefix_text_color=&#8220;#000000&#8243; custom_button=&#8220;on&#8220; animation_style=&#8220;zoom&#8220; animation_duration=&#8220;2000ms&#8220; animation_delay=&#8220;750ms&#8220; global_colors_info=&#8220;{}&#8220;][\/dizo_image_hover][\/et_pb_column][\/et_pb_row][\/et_pb_section]<\/p>\n","protected":false},"excerpt":{"rendered":"<p>PoolabdeckungenGenie\u00dfen Sie Ihren Pool das ganze Jahr \u00fcber Entdecken Sie die zahlreichen Vorteile von Abdeckungen f\u00fcr private Pools. Warten Sie nicht l\u00e4nger, um von diesen einzigartigen Vorteilen zu profitieren!Poolabdeckungen Perfekter Schutz f\u00fcr Ihre Wasser-Oase.Sparen Sie Geld, indem Sie das Wasser nicht so oft wechseln m\u00fcssen, und genie\u00dfen Sie eine sicherere Umgebung f\u00fcr Ihre Kinder, indem [&hellip;]<\/p>\n","protected":false},"author":2,"featured_media":0,"parent":0,"menu_order":0,"comment_status":"closed","ping_status":"closed","template":"","meta":{"_et_pb_use_builder":"on","_et_pb_old_content":"","_et_gb_content_width":"","footnotes":""},"class_list":["post-8593","page","type-page","status-publish","hentry"],"yoast_head":"<!-- This site is optimized with the Yoast SEO plugin v27.5 - https:\/\/yoast.com\/product\/yoast-seo-wordpress\/ -->\n<title>Poolabdeckungen - Construct pool Tenerife<\/title>\n<meta name=\"robots\" content=\"index, follow, max-snippet:-1, max-image-preview:large, max-video-preview:-1\" \/>\n<link rel=\"canonical\" href=\"https:\/\/construct-pool-tenerife.com\/de\/poolabdeckungen\/\" \/>\n<meta property=\"og:locale\" content=\"de_DE\" \/>\n<meta property=\"og:type\" content=\"article\" \/>\n<meta property=\"og:title\" content=\"Poolabdeckungen - Construct pool Tenerife\" \/>\n<meta property=\"og:description\" content=\"PoolabdeckungenGenie\u00dfen Sie Ihren Pool das ganze Jahr \u00fcber Entdecken Sie die zahlreichen Vorteile von Abdeckungen f\u00fcr private Pools. Warten Sie nicht l\u00e4nger, um von diesen einzigartigen Vorteilen zu profitieren!Poolabdeckungen Perfekter Schutz f\u00fcr Ihre Wasser-Oase.Sparen Sie Geld, indem Sie das Wasser nicht so oft wechseln m\u00fcssen, und genie\u00dfen Sie eine sicherere Umgebung f\u00fcr Ihre Kinder, indem [&hellip;]\" \/>\n<meta property=\"og:url\" content=\"https:\/\/construct-pool-tenerife.com\/de\/poolabdeckungen\/\" \/>\n<meta property=\"og:site_name\" content=\"Construct pool Tenerife\" \/>\n<meta property=\"article:modified_time\" content=\"2024-01-06T12:46:11+00:00\" \/>\n<meta name=\"twitter:card\" content=\"summary_large_image\" \/>\n<meta name=\"twitter:label1\" content=\"Gesch\u00e4tzte Lesezeit\" \/>\n\t<meta name=\"twitter:data1\" content=\"6\u00a0Minuten\" \/>\n<script type=\"application\/ld+json\" class=\"yoast-schema-graph\">{\"@context\":\"https:\\\/\\\/schema.org\",\"@graph\":[{\"@type\":\"WebPage\",\"@id\":\"https:\\\/\\\/construct-pool-tenerife.com\\\/de\\\/poolabdeckungen\\\/\",\"url\":\"https:\\\/\\\/construct-pool-tenerife.com\\\/de\\\/poolabdeckungen\\\/\",\"name\":\"Poolabdeckungen - Construct pool Tenerife\",\"isPartOf\":{\"@id\":\"https:\\\/\\\/construct-pool-tenerife.com\\\/de\\\/#website\"},\"datePublished\":\"2023-11-01T09:19:02+00:00\",\"dateModified\":\"2024-01-06T12:46:11+00:00\",\"breadcrumb\":{\"@id\":\"https:\\\/\\\/construct-pool-tenerife.com\\\/de\\\/poolabdeckungen\\\/#breadcrumb\"},\"inLanguage\":\"de\",\"potentialAction\":[{\"@type\":\"ReadAction\",\"target\":[\"https:\\\/\\\/construct-pool-tenerife.com\\\/de\\\/poolabdeckungen\\\/\"]}]},{\"@type\":\"BreadcrumbList\",\"@id\":\"https:\\\/\\\/construct-pool-tenerife.com\\\/de\\\/poolabdeckungen\\\/#breadcrumb\",\"itemListElement\":[{\"@type\":\"ListItem\",\"position\":1,\"name\":\"Home\",\"item\":\"https:\\\/\\\/construct-pool-tenerife.com\\\/de\\\/\"},{\"@type\":\"ListItem\",\"position\":2,\"name\":\"Poolabdeckungen\"}]},{\"@type\":\"WebSite\",\"@id\":\"https:\\\/\\\/construct-pool-tenerife.com\\\/de\\\/#website\",\"url\":\"https:\\\/\\\/construct-pool-tenerife.com\\\/de\\\/\",\"name\":\"Construct pool Tenerife\",\"description\":\"Reformas general\",\"potentialAction\":[{\"@type\":\"SearchAction\",\"target\":{\"@type\":\"EntryPoint\",\"urlTemplate\":\"https:\\\/\\\/construct-pool-tenerife.com\\\/de\\\/?s={search_term_string}\"},\"query-input\":{\"@type\":\"PropertyValueSpecification\",\"valueRequired\":true,\"valueName\":\"search_term_string\"}}],\"inLanguage\":\"de\"}]}<\/script>\n<!-- \/ Yoast SEO plugin. -->","yoast_head_json":{"title":"Poolabdeckungen - Construct pool Tenerife","robots":{"index":"index","follow":"follow","max-snippet":"max-snippet:-1","max-image-preview":"max-image-preview:large","max-video-preview":"max-video-preview:-1"},"canonical":"https:\/\/construct-pool-tenerife.com\/de\/poolabdeckungen\/","og_locale":"de_DE","og_type":"article","og_title":"Poolabdeckungen - Construct pool Tenerife","og_description":"PoolabdeckungenGenie\u00dfen Sie Ihren Pool das ganze Jahr \u00fcber Entdecken Sie die zahlreichen Vorteile von Abdeckungen f\u00fcr private Pools. Warten Sie nicht l\u00e4nger, um von diesen einzigartigen Vorteilen zu profitieren!Poolabdeckungen Perfekter Schutz f\u00fcr Ihre Wasser-Oase.Sparen Sie Geld, indem Sie das Wasser nicht so oft wechseln m\u00fcssen, und genie\u00dfen Sie eine sicherere Umgebung f\u00fcr Ihre Kinder, indem [&hellip;]","og_url":"https:\/\/construct-pool-tenerife.com\/de\/poolabdeckungen\/","og_site_name":"Construct pool Tenerife","article_modified_time":"2024-01-06T12:46:11+00:00","twitter_card":"summary_large_image","twitter_misc":{"Gesch\u00e4tzte Lesezeit":"6\u00a0Minuten"},"schema":{"@context":"https:\/\/schema.org","@graph":[{"@type":"WebPage","@id":"https:\/\/construct-pool-tenerife.com\/de\/poolabdeckungen\/","url":"https:\/\/construct-pool-tenerife.com\/de\/poolabdeckungen\/","name":"Poolabdeckungen - Construct pool Tenerife","isPartOf":{"@id":"https:\/\/construct-pool-tenerife.com\/de\/#website"},"datePublished":"2023-11-01T09:19:02+00:00","dateModified":"2024-01-06T12:46:11+00:00","breadcrumb":{"@id":"https:\/\/construct-pool-tenerife.com\/de\/poolabdeckungen\/#breadcrumb"},"inLanguage":"de","potentialAction":[{"@type":"ReadAction","target":["https:\/\/construct-pool-tenerife.com\/de\/poolabdeckungen\/"]}]},{"@type":"BreadcrumbList","@id":"https:\/\/construct-pool-tenerife.com\/de\/poolabdeckungen\/#breadcrumb","itemListElement":[{"@type":"ListItem","position":1,"name":"Home","item":"https:\/\/construct-pool-tenerife.com\/de\/"},{"@type":"ListItem","position":2,"name":"Poolabdeckungen"}]},{"@type":"WebSite","@id":"https:\/\/construct-pool-tenerife.com\/de\/#website","url":"https:\/\/construct-pool-tenerife.com\/de\/","name":"Construct pool Tenerife","description":"Reformas general","potentialAction":[{"@type":"SearchAction","target":{"@type":"EntryPoint","urlTemplate":"https:\/\/construct-pool-tenerife.com\/de\/?s={search_term_string}"},"query-input":{"@type":"PropertyValueSpecification","valueRequired":true,"valueName":"search_term_string"}}],"inLanguage":"de"}]}},"_links":{"self":[{"href":"https:\/\/construct-pool-tenerife.com\/de\/wp-json\/wp\/v2\/pages\/8593","targetHints":{"allow":["GET"]}}],"collection":[{"href":"https:\/\/construct-pool-tenerife.com\/de\/wp-json\/wp\/v2\/pages"}],"about":[{"href":"https:\/\/construct-pool-tenerife.com\/de\/wp-json\/wp\/v2\/types\/page"}],"author":[{"embeddable":true,"href":"https:\/\/construct-pool-tenerife.com\/de\/wp-json\/wp\/v2\/users\/2"}],"replies":[{"embeddable":true,"href":"https:\/\/construct-pool-tenerife.com\/de\/wp-json\/wp\/v2\/comments?post=8593"}],"version-history":[{"count":2,"href":"https:\/\/construct-pool-tenerife.com\/de\/wp-json\/wp\/v2\/pages\/8593\/revisions"}],"predecessor-version":[{"id":8595,"href":"https:\/\/construct-pool-tenerife.com\/de\/wp-json\/wp\/v2\/pages\/8593\/revisions\/8595"}],"wp:attachment":[{"href":"https:\/\/construct-pool-tenerife.com\/de\/wp-json\/wp\/v2\/media?parent=8593"}],"curies":[{"name":"wp","href":"https:\/\/api.w.org\/{rel}","templated":true}]}}