{"id":8577,"date":"2023-11-01T09:19:30","date_gmt":"2023-11-01T09:19:30","guid":{"rendered":"https:\/\/construct-pool-tenerife.com\/kontakt\/"},"modified":"2024-06-24T12:53:12","modified_gmt":"2024-06-24T12:53:12","slug":"kontakt","status":"publish","type":"page","link":"https:\/\/construct-pool-tenerife.com\/de\/kontakt\/","title":{"rendered":"Kontakt"},"content":{"rendered":"<p>[et_pb_section fb_built=&#8220;1&#8243; admin_label=&#8220;Header&#8220; _builder_version=&#8220;4.23.1&#8243; use_background_color_gradient=&#8220;on&#8220; background_color_gradient_stops=&#8220;rgba(31,31,38,0.32) 0%|#1f1f26 100%&#8220; background_color_gradient_overlays_image=&#8220;on&#8220; background_color_gradient_start=&#8220;rgba(31,31,38,0.32)&#8220; background_color_gradient_end=&#8220;#1f1f26&#8243; background_image=&#8220;https:\/\/construct-pool-tenerife.com\/wp-content\/uploads\/2023\/12\/contactenos-tenerife.jpg&#8220; custom_padding=&#8220;6vw||0px||false|false&#8220; background_last_edited=&#8220;on|tablet&#8220; background_size_tablet=&#8220;cover&#8220; background_image_width_tablet=&#8220;100%&#8220; background_image_height_tablet=&#8220;80%&#8220; background_position_tablet=&#8220;top_right&#8220; background_horizontal_offset_tablet=&#8220;34%&#8220; background_horizontal_offset_phone=&#8220;35%&#8220; global_colors_info=&#8220;{}&#8220;][et_pb_row custom_padding_last_edited=&#8220;on|phone&#8220; _builder_version=&#8220;4.23&#8243; background_enable_image=&#8220;off&#8220; custom_margin=&#8220;||||false|false&#8220; custom_padding=&#8220;8%|20px|8%|20px|true|true&#8220; custom_padding_tablet=&#8220;100px||100px||true|false&#8220; custom_padding_phone=&#8220;80px||80px||true|false&#8220; global_colors_info=&#8220;{}&#8220;][et_pb_column type=&#8220;4_4&#8243; _builder_version=&#8220;4.16&#8243; global_colors_info=&#8220;{}&#8220;][et_pb_text _builder_version=&#8220;4.23.1&#8243; header_font=&#8220;Open Sans|600||on|||||&#8220; header_text_align=&#8220;center&#8220; header_text_color=&#8220;#ecf0f1&#8243; header_font_size=&#8220;90px&#8220; header_line_height=&#8220;1.2em&#8220; background_layout=&#8220;dark&#8220; animation_style=&#8220;fade&#8220; animation_duration=&#8220;2000ms&#8220; header_font_size_tablet=&#8220;60px&#8220; header_font_size_phone=&#8220;32px&#8220; header_font_size_last_edited=&#8220;on|phone&#8220; header_text_shadow_style=&#8220;preset1&#8243; header_text_shadow_color=&#8220;rgba(89,153,207,0.38)&#8220; global_colors_info=&#8220;{}&#8220;]<\/p>\n<h1>Kontaktieren Sie uns<\/h1>\n<p>[\/et_pb_text][\/et_pb_column][\/et_pb_row][et_pb_row column_structure=&#8220;1_2,1_2&#8243; _builder_version=&#8220;4.16&#8243; custom_margin=&#8220;30px||||false|false&#8220; custom_margin_tablet=&#8220;0px||||false|false&#8220; custom_margin_last_edited=&#8220;off|desktop&#8220; custom_padding=&#8220;||||false|false&#8220; global_colors_info=&#8220;{}&#8220;][et_pb_column type=&#8220;1_2&#8243; _builder_version=&#8220;4.16&#8243; global_colors_info=&#8220;{}&#8220;][et_pb_text _builder_version=&#8220;4.23.1&#8243; header_2_font=&#8220;||||||||&#8220; header_2_line_height=&#8220;1.8em&#8220; header_4_font=&#8220;|700||on|||||&#8220; header_4_text_color=&#8220;#bea88f&#8220; header_4_font_size=&#8220;12px&#8220; header_4_letter_spacing=&#8220;2.6px&#8220; header_4_line_height=&#8220;1.6em&#8220; background_layout=&#8220;dark&#8220; animation_style=&#8220;fade&#8220; animation_duration=&#8220;2000ms&#8220; animation_delay=&#8220;500ms&#8220; header_2_font_size_tablet=&#8220;22px&#8220; header_2_font_size_phone=&#8220;20px&#8220; header_2_font_size_last_edited=&#8220;on|phone&#8220; global_colors_info=&#8220;{}&#8220;]<\/p>\n<h4>Wir freuen uns, von Ihnen zu h\u00f6ren!<\/h4>\n<h2>Wir w\u00fcrden uns freuen, die M\u00f6glichkeit zu haben, mit Ihnen zusammenzuarbeiten und uns um Ihre Projekte zu k\u00fcmmern.<\/h2>\n<p>[\/et_pb_text][\/et_pb_column][et_pb_column type=&#8220;1_2&#8243; _builder_version=&#8220;4.16&#8243; global_colors_info=&#8220;{}&#8220;][et_pb_text _builder_version=&#8220;4.23.1&#8243; text_font=&#8220;Source Sans Pro||||||||&#8220; text_text_color=&#8220;rgba(255,255,255,0.6)&#8220; text_line_height=&#8220;2em&#8220; background_layout=&#8220;dark&#8220; max_width=&#8220;350px&#8220; animation_style=&#8220;fade&#8220; animation_duration=&#8220;2000ms&#8220; animation_delay=&#8220;750ms&#8220; global_colors_info=&#8220;{}&#8220;]<\/p>\n<p>W\u00e4hrend unserer Gesch\u00e4ftszeiten, von Montag bis Freitag, von 8:00 bis 17:00 Uhr, stehen wir Ihnen zur Verf\u00fcgung. Adem\u00e1s, puede contactarnos telef\u00f3nicamente hasta las 19:00 horas.&#8220; &#8211; &#8222;Au\u00dferdem k\u00f6nnen Sie uns telefonisch bis 19:00 Uhr erreichen.<\/p>\n<p>[\/et_pb_text][\/et_pb_column][\/et_pb_row][\/et_pb_section]<\/p>\n","protected":false},"excerpt":{"rendered":"<p>Kontaktieren Sie unsWir freuen uns, von Ihnen zu h\u00f6ren! Wir w\u00fcrden uns freuen, die M\u00f6glichkeit zu haben, mit Ihnen zusammenzuarbeiten und uns um Ihre Projekte zu k\u00fcmmern.W\u00e4hrend unserer Gesch\u00e4ftszeiten, von Montag bis Freitag, von 8:00 bis 17:00 Uhr, stehen wir Ihnen zur Verf\u00fcgung. Adem\u00e1s, puede contactarnos telef\u00f3nicamente hasta las 19:00 horas.&#8220; &#8211; &#8222;Au\u00dferdem k\u00f6nnen Sie [&hellip;]<\/p>\n","protected":false},"author":2,"featured_media":0,"parent":0,"menu_order":0,"comment_status":"closed","ping_status":"closed","template":"","meta":{"_et_pb_use_builder":"on","_et_pb_old_content":"","_et_gb_content_width":"","footnotes":""},"class_list":["post-8577","page","type-page","status-publish","hentry"],"yoast_head":"<!-- This site is optimized with the Yoast SEO plugin v27.5 - https:\/\/yoast.com\/product\/yoast-seo-wordpress\/ -->\n<title>Kontakt - Construct pool Tenerife<\/title>\n<meta name=\"robots\" content=\"index, follow, max-snippet:-1, max-image-preview:large, max-video-preview:-1\" \/>\n<link rel=\"canonical\" href=\"https:\/\/construct-pool-tenerife.com\/de\/kontakt\/\" \/>\n<meta property=\"og:locale\" content=\"de_DE\" \/>\n<meta property=\"og:type\" content=\"article\" \/>\n<meta property=\"og:title\" content=\"Kontakt - Construct pool Tenerife\" \/>\n<meta property=\"og:description\" content=\"Kontaktieren Sie unsWir freuen uns, von Ihnen zu h\u00f6ren! Wir w\u00fcrden uns freuen, die M\u00f6glichkeit zu haben, mit Ihnen zusammenzuarbeiten und uns um Ihre Projekte zu k\u00fcmmern.W\u00e4hrend unserer Gesch\u00e4ftszeiten, von Montag bis Freitag, von 8:00 bis 17:00 Uhr, stehen wir Ihnen zur Verf\u00fcgung. Adem\u00e1s, puede contactarnos telef\u00f3nicamente hasta las 19:00 horas.&quot; - &quot;Au\u00dferdem k\u00f6nnen Sie [&hellip;]\" \/>\n<meta property=\"og:url\" content=\"https:\/\/construct-pool-tenerife.com\/de\/kontakt\/\" \/>\n<meta property=\"og:site_name\" content=\"Construct pool Tenerife\" \/>\n<meta property=\"article:modified_time\" content=\"2024-06-24T12:53:12+00:00\" \/>\n<meta name=\"twitter:card\" content=\"summary_large_image\" \/>\n<meta name=\"twitter:label1\" content=\"Gesch\u00e4tzte Lesezeit\" \/>\n\t<meta name=\"twitter:data1\" content=\"2\u00a0Minuten\" \/>\n<script type=\"application\/ld+json\" class=\"yoast-schema-graph\">{\"@context\":\"https:\\\/\\\/schema.org\",\"@graph\":[{\"@type\":\"WebPage\",\"@id\":\"https:\\\/\\\/construct-pool-tenerife.com\\\/de\\\/kontakt\\\/\",\"url\":\"https:\\\/\\\/construct-pool-tenerife.com\\\/de\\\/kontakt\\\/\",\"name\":\"Kontakt - Construct pool Tenerife\",\"isPartOf\":{\"@id\":\"https:\\\/\\\/construct-pool-tenerife.com\\\/de\\\/#website\"},\"datePublished\":\"2023-11-01T09:19:30+00:00\",\"dateModified\":\"2024-06-24T12:53:12+00:00\",\"breadcrumb\":{\"@id\":\"https:\\\/\\\/construct-pool-tenerife.com\\\/de\\\/kontakt\\\/#breadcrumb\"},\"inLanguage\":\"de\",\"potentialAction\":[{\"@type\":\"ReadAction\",\"target\":[\"https:\\\/\\\/construct-pool-tenerife.com\\\/de\\\/kontakt\\\/\"]}]},{\"@type\":\"BreadcrumbList\",\"@id\":\"https:\\\/\\\/construct-pool-tenerife.com\\\/de\\\/kontakt\\\/#breadcrumb\",\"itemListElement\":[{\"@type\":\"ListItem\",\"position\":1,\"name\":\"Home\",\"item\":\"https:\\\/\\\/construct-pool-tenerife.com\\\/de\\\/\"},{\"@type\":\"ListItem\",\"position\":2,\"name\":\"Kontakt\"}]},{\"@type\":\"WebSite\",\"@id\":\"https:\\\/\\\/construct-pool-tenerife.com\\\/de\\\/#website\",\"url\":\"https:\\\/\\\/construct-pool-tenerife.com\\\/de\\\/\",\"name\":\"Construct pool Tenerife\",\"description\":\"Reformas general\",\"potentialAction\":[{\"@type\":\"SearchAction\",\"target\":{\"@type\":\"EntryPoint\",\"urlTemplate\":\"https:\\\/\\\/construct-pool-tenerife.com\\\/de\\\/?s={search_term_string}\"},\"query-input\":{\"@type\":\"PropertyValueSpecification\",\"valueRequired\":true,\"valueName\":\"search_term_string\"}}],\"inLanguage\":\"de\"}]}<\/script>\n<!-- \/ Yoast SEO plugin. -->","yoast_head_json":{"title":"Kontakt - Construct pool Tenerife","robots":{"index":"index","follow":"follow","max-snippet":"max-snippet:-1","max-image-preview":"max-image-preview:large","max-video-preview":"max-video-preview:-1"},"canonical":"https:\/\/construct-pool-tenerife.com\/de\/kontakt\/","og_locale":"de_DE","og_type":"article","og_title":"Kontakt - Construct pool Tenerife","og_description":"Kontaktieren Sie unsWir freuen uns, von Ihnen zu h\u00f6ren! Wir w\u00fcrden uns freuen, die M\u00f6glichkeit zu haben, mit Ihnen zusammenzuarbeiten und uns um Ihre Projekte zu k\u00fcmmern.W\u00e4hrend unserer Gesch\u00e4ftszeiten, von Montag bis Freitag, von 8:00 bis 17:00 Uhr, stehen wir Ihnen zur Verf\u00fcgung. Adem\u00e1s, puede contactarnos telef\u00f3nicamente hasta las 19:00 horas.\" - \"Au\u00dferdem k\u00f6nnen Sie [&hellip;]","og_url":"https:\/\/construct-pool-tenerife.com\/de\/kontakt\/","og_site_name":"Construct pool Tenerife","article_modified_time":"2024-06-24T12:53:12+00:00","twitter_card":"summary_large_image","twitter_misc":{"Gesch\u00e4tzte Lesezeit":"2\u00a0Minuten"},"schema":{"@context":"https:\/\/schema.org","@graph":[{"@type":"WebPage","@id":"https:\/\/construct-pool-tenerife.com\/de\/kontakt\/","url":"https:\/\/construct-pool-tenerife.com\/de\/kontakt\/","name":"Kontakt - Construct pool Tenerife","isPartOf":{"@id":"https:\/\/construct-pool-tenerife.com\/de\/#website"},"datePublished":"2023-11-01T09:19:30+00:00","dateModified":"2024-06-24T12:53:12+00:00","breadcrumb":{"@id":"https:\/\/construct-pool-tenerife.com\/de\/kontakt\/#breadcrumb"},"inLanguage":"de","potentialAction":[{"@type":"ReadAction","target":["https:\/\/construct-pool-tenerife.com\/de\/kontakt\/"]}]},{"@type":"BreadcrumbList","@id":"https:\/\/construct-pool-tenerife.com\/de\/kontakt\/#breadcrumb","itemListElement":[{"@type":"ListItem","position":1,"name":"Home","item":"https:\/\/construct-pool-tenerife.com\/de\/"},{"@type":"ListItem","position":2,"name":"Kontakt"}]},{"@type":"WebSite","@id":"https:\/\/construct-pool-tenerife.com\/de\/#website","url":"https:\/\/construct-pool-tenerife.com\/de\/","name":"Construct pool Tenerife","description":"Reformas general","potentialAction":[{"@type":"SearchAction","target":{"@type":"EntryPoint","urlTemplate":"https:\/\/construct-pool-tenerife.com\/de\/?s={search_term_string}"},"query-input":{"@type":"PropertyValueSpecification","valueRequired":true,"valueName":"search_term_string"}}],"inLanguage":"de"}]}},"_links":{"self":[{"href":"https:\/\/construct-pool-tenerife.com\/de\/wp-json\/wp\/v2\/pages\/8577","targetHints":{"allow":["GET"]}}],"collection":[{"href":"https:\/\/construct-pool-tenerife.com\/de\/wp-json\/wp\/v2\/pages"}],"about":[{"href":"https:\/\/construct-pool-tenerife.com\/de\/wp-json\/wp\/v2\/types\/page"}],"author":[{"embeddable":true,"href":"https:\/\/construct-pool-tenerife.com\/de\/wp-json\/wp\/v2\/users\/2"}],"replies":[{"embeddable":true,"href":"https:\/\/construct-pool-tenerife.com\/de\/wp-json\/wp\/v2\/comments?post=8577"}],"version-history":[{"count":3,"href":"https:\/\/construct-pool-tenerife.com\/de\/wp-json\/wp\/v2\/pages\/8577\/revisions"}],"predecessor-version":[{"id":8769,"href":"https:\/\/construct-pool-tenerife.com\/de\/wp-json\/wp\/v2\/pages\/8577\/revisions\/8769"}],"wp:attachment":[{"href":"https:\/\/construct-pool-tenerife.com\/de\/wp-json\/wp\/v2\/media?parent=8577"}],"curies":[{"name":"wp","href":"https:\/\/api.w.org\/{rel}","templated":true}]}}